{"id":352,"date":"2021-12-11T02:09:37","date_gmt":"2021-12-11T02:09:37","guid":{"rendered":"https:\/\/bslthemes.site\/kinsley\/?page_id=352"},"modified":"2023-07-14T16:04:10","modified_gmt":"2023-07-14T15:04:10","slug":"contact","status":"publish","type":"page","link":"https:\/\/unicom-tn.com\/BizertaResort\/contact\/","title":{"rendered":"Contact"},"content":{"rendered":"\t\t<div data-elementor-type=\"wp-page\" data-elementor-id=\"352\" class=\"elementor elementor-352\">\n\t\t\t\t\t\t\t\t\t<section class=\"elementor-section elementor-top-section elementor-element elementor-element-1bc559b elementor-section-full_width elementor-section-height-default elementor-section-height-default\" data-id=\"1bc559b\" data-element_type=\"section\" data-settings=\"{&quot;background_background&quot;:&quot;classic&quot;}\">\n\t\t\t\t\t\t\t<div class=\"elementor-background-overlay\"><\/div>\n\t\t\t\t\t\t\t<div class=\"elementor-container elementor-column-gap-no\">\n\t\t\t\t\t<div class=\"elementor-column elementor-col-100 elementor-top-column elementor-element elementor-element-7434790\" data-id=\"7434790\" data-element_type=\"column\">\n\t\t\t<div class=\"elementor-widget-wrap elementor-element-populated\">\n\t\t\t\t\t\t\t\t<div class=\"elementor-element elementor-element-687d6a0 elementor-widget elementor-widget-kinsley-intro\" data-id=\"687d6a0\" data-element_type=\"widget\" data-widget_type=\"kinsley-intro.default\">\n\t\t\t\t<div class=\"elementor-widget-container\">\n\t\t\t\n    <!-- banner -->\n    <section class=\"knsl-banner-simple knsl-transition-bottom knsl-banner-white\">\n      \n      <div class=\"container\">\n        <div class=\"row\">\n          <div class=\"col-lg-12\">\n\n            <div class=\"knsl-center knsl-title-frame\">\n                            <h1 class=\"knsl-title--h knsl-mb-20 knsl-h1-inner\">\n                <span >\n                    Contactez-nous                <\/span>\n              <\/h1>\n                            \n              \n            <\/div>\n\n          <\/div>\n        <\/div>\n      <\/div>\n    <\/section>\n    <!-- banner end -->\n\n\t\t\t\t<\/div>\n\t\t\t\t<\/div>\n\t\t\t\t\t<\/div>\n\t\t<\/div>\n\t\t\t\t\t\t\t<\/div>\n\t\t<\/section>\n\t\t\t\t<section class=\"elementor-section elementor-top-section elementor-element elementor-element-750c0b1 elementor-section-full_width elementor-section-height-default elementor-section-height-default\" data-id=\"750c0b1\" data-element_type=\"section\">\n\t\t\t\t\t\t<div class=\"elementor-container elementor-column-gap-no\">\n\t\t\t\t\t<div class=\"elementor-column elementor-col-100 elementor-top-column elementor-element elementor-element-871006b\" data-id=\"871006b\" data-element_type=\"column\">\n\t\t\t<div class=\"elementor-widget-wrap elementor-element-populated\">\n\t\t\t\t\t\t\t\t<div class=\"elementor-element elementor-element-f8d5e96 elementor-widget elementor-widget-kinsley-contact-info\" data-id=\"f8d5e96\" data-element_type=\"widget\" data-widget_type=\"kinsley-contact-info.default\">\n\t\t\t\t<div class=\"elementor-widget-container\">\n\t\t\t\n\t\t<!-- contact -->\n    <section>\n\n      <div id=\"knsl-triger-1\"><\/div>\n\n      <div class=\"container\">\n\n        <!-- features card -->\n        <div class=\"knsl-features-card\">\n\t\t\t\t\t          <div class=\"row\">\n\t\t\t\t\t\t            <div class=\"col-12 col-lg-4\">\n\n              <!-- icon box -->\n              <div class=\"knsl-icon-box\">\n\t\t\t\t\t\t\t\t                <img decoding=\"async\" src=\"https:\/\/unicom-tn.com\/BizertaResort\/wp-content\/uploads\/2023\/03\/Adresse.png\" alt=\"icon\" class=\"knsl-mb-10\" \/>\n\t\t\t\t\t\t\t\t\t\t\t\t\t\t\t\t                <h5 class=\"knsl-mb-10\">\n\t\t\t\t\t\t\t\t\t<span >\n\t\t\t\t\t\t\t\t\t\tAdresse\t\t\t\t\t\t\t\t\t<\/span>\n\t\t\t\t\t\t\t\t<\/h5>\n\t\t\t\t\t\t\t\t\t\t\t\t\t\t\t\t                <p>\n\t\t\t\t\t\t\t\t\t<span >\n\t\t\t\t\t\t\t\t\t\tRoute de la Corniche Sidi salem, Bizerte, Tunisia\t\t\t\t\t\t\t\t\t<\/span>\n\t\t\t\t\t\t\t\t<\/p>\n\t\t\t\t\t\t\t\t              <\/div>\n              <!-- icon box end -->\n\n            <\/div>\n\t\t\t\t\t\t            <div class=\"col-12 col-lg-4\">\n\n              <!-- icon box -->\n              <div class=\"knsl-icon-box\">\n\t\t\t\t\t\t\t\t                <img decoding=\"async\" src=\"https:\/\/unicom-tn.com\/BizertaResort\/wp-content\/uploads\/2023\/03\/Telephone.png\" alt=\"icon\" class=\"knsl-mb-10\" \/>\n\t\t\t\t\t\t\t\t\t\t\t\t\t\t\t\t                <h5 class=\"knsl-mb-10\">\n\t\t\t\t\t\t\t\t\t<span >\n\t\t\t\t\t\t\t\t\t\tT\u00e9l\u00e9phone\t\t\t\t\t\t\t\t\t<\/span>\n\t\t\t\t\t\t\t\t<\/h5>\n\t\t\t\t\t\t\t\t\t\t\t\t\t\t\t\t                <p>\n\t\t\t\t\t\t\t\t\t<span >\n\t\t\t\t\t\t\t\t\t\t(+216) 72 436 966\t\t\t\t\t\t\t\t\t<\/span>\n\t\t\t\t\t\t\t\t<\/p>\n\t\t\t\t\t\t\t\t              <\/div>\n              <!-- icon box end -->\n\n            <\/div>\n\t\t\t\t\t\t            <div class=\"col-12 col-lg-4\">\n\n              <!-- icon box -->\n              <div class=\"knsl-icon-box\">\n\t\t\t\t\t\t\t\t                <img decoding=\"async\" src=\"https:\/\/unicom-tn.com\/BizertaResort\/wp-content\/uploads\/2023\/03\/E-mail.png\" alt=\"icon\" class=\"knsl-mb-10\" \/>\n\t\t\t\t\t\t\t\t\t\t\t\t\t\t\t\t                <h5 class=\"knsl-mb-10\">\n\t\t\t\t\t\t\t\t\t<span >\n\t\t\t\t\t\t\t\t\t\tE-mail\t\t\t\t\t\t\t\t\t<\/span>\n\t\t\t\t\t\t\t\t<\/h5>\n\t\t\t\t\t\t\t\t\t\t\t\t\t\t\t\t                <p>\n\t\t\t\t\t\t\t\t\t<span >\n\t\t\t\t\t\t\t\t\t\tcommercial@bizertaresort.com\t\t\t\t\t\t\t\t\t<\/span>\n\t\t\t\t\t\t\t\t<\/p>\n\t\t\t\t\t\t\t\t              <\/div>\n              <!-- icon box end -->\n\n            <\/div>\n\t\t\t\t\t\t          <\/div>\n\t\t\t\t\t        <\/div>\n        <!-- contact end -->\n\n      <\/div>\n    <\/section>\n\n\t\t\t\t<\/div>\n\t\t\t\t<\/div>\n\t\t\t\t\t<\/div>\n\t\t<\/div>\n\t\t\t\t\t\t\t<\/div>\n\t\t<\/section>\n\t\t\t\t<section class=\"elementor-section elementor-top-section elementor-element elementor-element-304871b elementor-section-full_width elementor-section-height-default elementor-section-height-default\" data-id=\"304871b\" data-element_type=\"section\">\n\t\t\t\t\t\t<div class=\"elementor-container elementor-column-gap-no\">\n\t\t\t\t\t<div class=\"elementor-column elementor-col-100 elementor-top-column elementor-element elementor-element-4ada694\" data-id=\"4ada694\" data-element_type=\"column\">\n\t\t\t<div class=\"elementor-widget-wrap elementor-element-populated\">\n\t\t\t\t\t\t\t\t<div class=\"elementor-element elementor-element-e986a20 centertitle elementor-widget elementor-widget-kinsley-contact-form\" data-id=\"e986a20\" data-element_type=\"widget\" data-widget_type=\"kinsley-contact-form.default\">\n\t\t\t\t<div class=\"elementor-widget-container\">\n\t\t\t\n    <section class=\"knsl-transition-none knsl-p-0-100\">\n      \n      <div class=\"container\">\n        <div class=\"row\">\n                    <div class=\"col-lg-12\">\n            <div class=\"knsl-center knsl-title-frame knsl-scroll-animation knsl-mb-100\">\n                            <h2 class=\"knsl-title--h knsl-mb-20\">\n                <span >\n                    Nous serions ravis de vous entendre !                <\/span>\n              <\/h2>\n                                          <p class=\"knsl-text knsl-mb-30\">\n                <span >\n                    Notre personnel de r\u00e9ception est disponible 24h\/24 et 7j\/7 pour r\u00e9pondre \u00e0 vos questions et vous aider en tout temps. N'h\u00e9sitez pas \u00e0 nous contacter pour toute demande de renseignements sur notre h\u00f4tel                <\/span>\n              <\/p>\n                                        <\/div>\n          <\/div>\n                              <div class=\"col-lg-12\">\n            <div class=\"knsl-scroll-animation-default\">\n              \n<div class=\"wpcf7 no-js\" id=\"wpcf7-f384-o1\" lang=\"en-US\" dir=\"ltr\">\n<div class=\"screen-reader-response\"><p role=\"status\" aria-live=\"polite\" aria-atomic=\"true\"><\/p> <ul><\/ul><\/div>\n<form action=\"\/BizertaResort\/wp-json\/wp\/v2\/pages\/352#wpcf7-f384-o1\" method=\"post\" class=\"wpcf7-form init\" aria-label=\"Contact form\" novalidate=\"novalidate\" data-status=\"init\">\n<div style=\"display: none;\">\n<input type=\"hidden\" name=\"_wpcf7\" value=\"384\" \/>\n<input type=\"hidden\" name=\"_wpcf7_version\" value=\"5.7.7\" \/>\n<input type=\"hidden\" name=\"_wpcf7_locale\" value=\"en_US\" \/>\n<input type=\"hidden\" name=\"_wpcf7_unit_tag\" value=\"wpcf7-f384-o1\" \/>\n<input type=\"hidden\" name=\"_wpcf7_container_post\" value=\"0\" \/>\n<input type=\"hidden\" name=\"_wpcf7_posted_data_hash\" value=\"\" \/>\n<\/div>\n<div class=\"row\">\n  <div class=\"col-lg-6\">\n    <span class=\"wpcf7-form-control-wrap\" data-name=\"cf-name\"><input size=\"40\" class=\"wpcf7-form-control wpcf7-text wpcf7-validates-as-required\" aria-required=\"true\" aria-invalid=\"false\" placeholder=\"Nom\" value=\"\" type=\"text\" name=\"cf-name\" \/><\/span>\n  <\/div>\n  <div class=\"col-lg-6\">\n    <span class=\"wpcf7-form-control-wrap\" data-name=\"cf-email\"><input size=\"40\" class=\"wpcf7-form-control wpcf7-text wpcf7-email wpcf7-validates-as-required wpcf7-validates-as-email\" aria-required=\"true\" aria-invalid=\"false\" placeholder=\"Email\" value=\"\" type=\"email\" name=\"cf-email\" \/><\/span>\n  <\/div>\n  <div class=\"col-lg-12\">\n    <span class=\"wpcf7-form-control-wrap\" data-name=\"cf-message\"><textarea cols=\"40\" rows=\"10\" class=\"wpcf7-form-control wpcf7-textarea\" aria-invalid=\"false\" placeholder=\"Message\" name=\"cf-message\"><\/textarea><\/span>\n  <\/div>\n  <div class=\"col-lg-12\">\n    <div class=\"knsl-form-submit-frame\">\n      <button type=\"submit\" class=\"knsl-btn\">Envoyez<\/button>\n       <\/div>\n  <\/div>\n<\/div><div class=\"wpcf7-response-output\" aria-hidden=\"true\"><\/div>\n<\/form>\n<\/div>\n            <\/div>\n          <\/div>\n                  <\/div>\n      <\/div>\n    <\/section>\n\n\t\t\t\t<\/div>\n\t\t\t\t<\/div>\n\t\t\t\t\t<\/div>\n\t\t<\/div>\n\t\t\t\t\t\t\t<\/div>\n\t\t<\/section>\n\t\t\t\t\t\t\t<\/div>\n\t\t","protected":false},"excerpt":{"rendered":"<p>Contactez-nous Adresse Route de la Corniche Sidi salem, Bizerte, Tunisia T\u00e9l\u00e9phone (+216) 72 436 966 E-mail commercial@bizertaresort.com Nous serions ravis&#8230; <span class=\"knsl-el-more\"><a href=\"https:\/\/unicom-tn.com\/BizertaResort\/contact\/\" class=\"knsl-btn\">Lire la suite<\/a><\/span><\/p>\n","protected":false},"author":1,"featured_media":0,"parent":0,"menu_order":0,"comment_status":"closed","ping_status":"closed","template":"template-layout-builder.php","meta":{"inline_featured_image":false,"_mi_skip_tracking":false,"_monsterinsights_sitenote_active":false,"_monsterinsights_sitenote_note":"","_monsterinsights_sitenote_category":0,"footnotes":"","_links_to":"","_links_to_target":""},"class_list":["post-352","page","type-page","status-publish","hentry"],"acf":[],"aioseo_notices":[],"_links":{"self":[{"href":"https:\/\/unicom-tn.com\/BizertaResort\/wp-json\/wp\/v2\/pages\/352","targetHints":{"allow":["GET"]}}],"collection":[{"href":"https:\/\/unicom-tn.com\/BizertaResort\/wp-json\/wp\/v2\/pages"}],"about":[{"href":"https:\/\/unicom-tn.com\/BizertaResort\/wp-json\/wp\/v2\/types\/page"}],"author":[{"embeddable":true,"href":"https:\/\/unicom-tn.com\/BizertaResort\/wp-json\/wp\/v2\/users\/1"}],"replies":[{"embeddable":true,"href":"https:\/\/unicom-tn.com\/BizertaResort\/wp-json\/wp\/v2\/comments?post=352"}],"version-history":[{"count":22,"href":"https:\/\/unicom-tn.com\/BizertaResort\/wp-json\/wp\/v2\/pages\/352\/revisions"}],"predecessor-version":[{"id":5335,"href":"https:\/\/unicom-tn.com\/BizertaResort\/wp-json\/wp\/v2\/pages\/352\/revisions\/5335"}],"wp:attachment":[{"href":"https:\/\/unicom-tn.com\/BizertaResort\/wp-json\/wp\/v2\/media?parent=352"}],"curies":[{"name":"wp","href":"https:\/\/api.w.org\/{rel}","templated":true}]}}