{"id":4498,"date":"2023-03-29T02:44:19","date_gmt":"2023-03-29T00:44:19","guid":{"rendered":"https:\/\/unicom-tn.com\/BizertaResort\/?page_id=4498"},"modified":"2023-07-14T17:43:56","modified_gmt":"2023-07-14T16:43:56","slug":"congres-seminaires","status":"publish","type":"page","link":"https:\/\/unicom-tn.com\/BizertaResort\/congres-seminaires\/","title":{"rendered":"Congr\u00e8s &#038; s\u00e9minaires"},"content":{"rendered":"\t\t<div data-elementor-type=\"wp-page\" data-elementor-id=\"4498\" class=\"elementor elementor-4498\">\n\t\t\t\t\t\t\t\t\t<section class=\"elementor-section elementor-top-section elementor-element elementor-element-be96af5 elementor-section-full_width elementor-section-height-default elementor-section-height-default\" data-id=\"be96af5\" data-element_type=\"section\" data-settings=\"{&quot;background_background&quot;:&quot;classic&quot;}\">\n\t\t\t\t\t\t\t<div class=\"elementor-background-overlay\"><\/div>\n\t\t\t\t\t\t\t<div class=\"elementor-container elementor-column-gap-no\">\n\t\t\t\t\t<div class=\"elementor-column elementor-col-100 elementor-top-column elementor-element elementor-element-1083e7c\" data-id=\"1083e7c\" data-element_type=\"column\">\n\t\t\t<div class=\"elementor-widget-wrap elementor-element-populated\">\n\t\t\t\t\t\t\t\t<div class=\"elementor-element elementor-element-dae86ee elementor-widget elementor-widget-kinsley-intro\" data-id=\"dae86ee\" data-element_type=\"widget\" data-widget_type=\"kinsley-intro.default\">\n\t\t\t\t<div class=\"elementor-widget-container\">\n\t\t\t\n    <!-- banner -->\n    <section class=\"knsl-banner-simple knsl-transition-bottom knsl-banner-white\">\n      \n      <div class=\"container\">\n        <div class=\"row\">\n          <div class=\"col-lg-12\">\n\n            <div class=\"knsl-center knsl-title-frame\">\n                            <h1 class=\"knsl-title--h knsl-mb-20 knsl-h1-inner\">\n                <span >\n                    Congr\u00e8s &amp; S\u00e9minaires                <\/span>\n              <\/h1>\n                            \n              \n            <\/div>\n\n          <\/div>\n        <\/div>\n      <\/div>\n    <\/section>\n    <!-- banner end -->\n\n\t\t\t\t<\/div>\n\t\t\t\t<\/div>\n\t\t\t\t\t<\/div>\n\t\t<\/div>\n\t\t\t\t\t\t\t<\/div>\n\t\t<\/section>\n\t\t\t\t<section class=\"elementor-section elementor-top-section elementor-element elementor-element-d65d39a elementor-section-full_width elementor-section-height-default elementor-section-height-default\" data-id=\"d65d39a\" data-element_type=\"section\">\n\t\t\t\t\t\t<div class=\"elementor-container elementor-column-gap-no\">\n\t\t\t\t\t<div class=\"elementor-column elementor-col-100 elementor-top-column elementor-element elementor-element-637d3e2\" data-id=\"637d3e2\" data-element_type=\"column\">\n\t\t\t<div class=\"elementor-widget-wrap elementor-element-populated\">\n\t\t\t\t\t\t\t\t<div class=\"elementor-element elementor-element-18283db elementor-widget elementor-widget-kinsley-about\" data-id=\"18283db\" data-element_type=\"widget\" data-widget_type=\"kinsley-about.default\">\n\t\t\t\t<div class=\"elementor-widget-container\">\n\t\t\t\n\t\t<!-- about -->\n    <section class=\"knsl-p-0-100\">\n\n      <div class=\"container\">\n        <div class=\"knsl-about-card\">\n                      \t\t\t\t\t\t<div class=\"row no-gutters\">\t            <div class=\"col-lg-6\">\n\t              \t              <div class=\"knsl-about-photo\">\n\t                <img decoding=\"async\" src=\"https:\/\/unicom-tn.com\/BizertaResort\/wp-content\/uploads\/2023\/03\/Salle-Utique.webp\" alt=\"\" \/>\n\t              <\/div>\n\t              \t            <\/div>\n\t            <div class=\"col-lg-6 align-self-center\">\n\t              <div class=\"knsl-about-text\">\n\t                <div class=\"knsl-title-frame\">\n\t                  \t                  <h2 class=\"knsl-mb-20\">\n\t                  \t<span >\n\t\t\t\t\t\t        \t\tSalle Utique : id\u00e9ale pour vos \u00e9v\u00e9nements\n\t\t\t\t\t\t        \t<\/span>\n\t                  <\/h2>\n\t                  \t                  \t\t\t              <div class=\"knsl-text knsl-mb-30\">\n\t\t\t\t                <div >\n\t\t\t\t\t\t\t\t        \t<p style=\"text-align:justify\">La Salle Utique est notre plus grande salle de s\u00e9minaire avec une surface de 480 m2, sans colonnes pour maximiser l'espace. Elle peut accueillir jusqu'\u00e0 500 personnes et est \u00e9quip\u00e9e des derni\u00e8res technologies pour r\u00e9pondre \u00e0 tous vos besoins. Cette salle est id\u00e9ale pour les grands \u00e9v\u00e9nements tels que les congr\u00e8s, les assembl\u00e9es, les cocktails, les r\u00e9ceptions, les spectacles et les mariages.<\/p>\t\t\t\t\t\t\t\t        <\/div>\n\t\t\t\t\t\t\t      <\/div>\n\t\t\t          \t\t\t\t\t          \t\t\t                  <a href=\"https:\/\/unicom-tn.com\/BizertaResort\/contact\/\" class=\"knsl-btn knsl-btn-md\">\n\t                  \t<span >\n\t\t\t\t\t\t        \t\tReservation\t\t\t\t\t\t        \t<\/span>\n\t                  <\/a>\n\t                  \t                <\/div>\n\t              <\/div>\n\t            <\/div>\n\t            \t            \t\t\t\t\t\t\t            <div class=\"col-lg-6 order-lg-2\">\n\t              \t              <div class=\"knsl-about-photo\">\n\t                <img decoding=\"async\" src=\"https:\/\/unicom-tn.com\/BizertaResort\/wp-content\/uploads\/2023\/03\/Salle-Utique-1.webp\" alt=\"\" \/>\n\t              <\/div>\n\t              \t            <\/div>\n\t            <div class=\"col-lg-6 align-self-center\">\n\t              <div class=\"knsl-about-text\">\n\t                <div class=\"knsl-title-frame\">\n\t                  \t                  <h2 class=\"knsl-mb-20\">\n\t                  \t<span >\n\t\t\t\t\t\t        \t\tSalle Ichkeul : pour vos petits \u00e9v\u00e9nements\t\t\t\t\t\t        \t<\/span>\n\t                  <\/h2>\n\t                  \t                  \t\t\t              <div class=\"knsl-text knsl-mb-30\">\n\t\t\t\t                <div >\n\t\t\t\t\t\t\t\t        \t<p style=\"text-align: justify\">Notre salle Ichkeul est une magnifique salle climatis\u00e9e et insonoris\u00e9e, d'une surface de 80m2 pouvant accueillir jusqu'\u00e0 80 personnes. Cette salle est l'endroit id\u00e9al pour vos \u00e9v\u00e9nements professionnels tels que des s\u00e9minaires, des congr\u00e8s, des assembl\u00e9es, des cocktails et des r\u00e9ceptions. Elle est \u00e9quip\u00e9e d'un syst\u00e8me de sonorisation de pointe et d'un \u00e9clairage adapt\u00e9 pour cr\u00e9er l'ambiance parfaite pour votre \u00e9v\u00e9nement. Avec un d\u00e9cor \u00e9l\u00e9gant et raffin\u00e9, la salle Ichkeul offre un cadre exceptionnel pour des \u00e9v\u00e9nements r\u00e9ussis<\/p>\t\t\t\t\t\t\t\t        <\/div>\n\t\t\t\t\t\t\t      <\/div>\n\t\t\t          \t\t\t\t\t          \t\t\t                  <a href=\"https:\/\/unicom-tn.com\/BizertaResort\/contact\/\" class=\"knsl-btn knsl-btn-md\">\n\t                  \t<span >\n\t\t\t\t\t\t        \t\tReservation\t\t\t\t\t\t        \t<\/span>\n\t                  <\/a>\n\t                  \t                <\/div>\n\t              <\/div>\n\t            <\/div>\n\t            <\/div>\t            \t          \t        <\/div>\n\t      <\/div>\n\n\t    <\/section>\n\t    <!-- about end -->\n\n\t\t\t\t\t<\/div>\n\t\t\t\t<\/div>\n\t\t\t\t\t<\/div>\n\t\t<\/div>\n\t\t\t\t\t\t\t<\/div>\n\t\t<\/section>\n\t\t\t\t\t\t\t<\/div>\n\t\t","protected":false},"excerpt":{"rendered":"<p>Congr\u00e8s &amp; S\u00e9minaires Salle Utique : id\u00e9ale pour vos \u00e9v\u00e9nements La Salle Utique est notre plus grande salle de s\u00e9minaire&#8230; <span class=\"knsl-el-more\"><a href=\"https:\/\/unicom-tn.com\/BizertaResort\/congres-seminaires\/\" class=\"knsl-btn\">Lire la suite<\/a><\/span><\/p>\n","protected":false},"author":1,"featured_media":0,"parent":0,"menu_order":0,"comment_status":"closed","ping_status":"closed","template":"template-layout-builder.php","meta":{"inline_featured_image":false,"_mi_skip_tracking":false,"_monsterinsights_sitenote_active":false,"_monsterinsights_sitenote_note":"","_monsterinsights_sitenote_category":0,"footnotes":"","_links_to":"","_links_to_target":""},"class_list":["post-4498","page","type-page","status-publish","hentry"],"acf":[],"aioseo_notices":[],"_links":{"self":[{"href":"https:\/\/unicom-tn.com\/BizertaResort\/wp-json\/wp\/v2\/pages\/4498","targetHints":{"allow":["GET"]}}],"collection":[{"href":"https:\/\/unicom-tn.com\/BizertaResort\/wp-json\/wp\/v2\/pages"}],"about":[{"href":"https:\/\/unicom-tn.com\/BizertaResort\/wp-json\/wp\/v2\/types\/page"}],"author":[{"embeddable":true,"href":"https:\/\/unicom-tn.com\/BizertaResort\/wp-json\/wp\/v2\/users\/1"}],"replies":[{"embeddable":true,"href":"https:\/\/unicom-tn.com\/BizertaResort\/wp-json\/wp\/v2\/comments?post=4498"}],"version-history":[{"count":31,"href":"https:\/\/unicom-tn.com\/BizertaResort\/wp-json\/wp\/v2\/pages\/4498\/revisions"}],"predecessor-version":[{"id":5517,"href":"https:\/\/unicom-tn.com\/BizertaResort\/wp-json\/wp\/v2\/pages\/4498\/revisions\/5517"}],"wp:attachment":[{"href":"https:\/\/unicom-tn.com\/BizertaResort\/wp-json\/wp\/v2\/media?parent=4498"}],"curies":[{"name":"wp","href":"https:\/\/api.w.org\/{rel}","templated":true}]}}