{"id":4527,"date":"2023-03-29T04:14:37","date_gmt":"2023-03-29T03:14:37","guid":{"rendered":"https:\/\/unicom-tn.com\/BizertaResort\/?page_id=4527"},"modified":"2023-07-14T15:59:32","modified_gmt":"2023-07-14T14:59:32","slug":"mariages","status":"publish","type":"page","link":"https:\/\/unicom-tn.com\/BizertaResort\/mariages\/","title":{"rendered":"Mariage &#038; R\u00e9ception"},"content":{"rendered":"\t\t<div data-elementor-type=\"wp-page\" data-elementor-id=\"4527\" class=\"elementor elementor-4527\">\n\t\t\t\t\t\t\t\t\t<section class=\"elementor-section elementor-top-section elementor-element elementor-element-be96af5 elementor-section-full_width elementor-section-height-default elementor-section-height-default\" data-id=\"be96af5\" data-element_type=\"section\" data-settings=\"{&quot;background_background&quot;:&quot;classic&quot;}\">\n\t\t\t\t\t\t\t<div class=\"elementor-background-overlay\"><\/div>\n\t\t\t\t\t\t\t<div class=\"elementor-container elementor-column-gap-no\">\n\t\t\t\t\t<div class=\"elementor-column elementor-col-100 elementor-top-column elementor-element elementor-element-1083e7c\" data-id=\"1083e7c\" data-element_type=\"column\">\n\t\t\t<div class=\"elementor-widget-wrap elementor-element-populated\">\n\t\t\t\t\t\t\t\t<div class=\"elementor-element elementor-element-dae86ee elementor-widget elementor-widget-kinsley-intro\" data-id=\"dae86ee\" data-element_type=\"widget\" data-widget_type=\"kinsley-intro.default\">\n\t\t\t\t<div class=\"elementor-widget-container\">\n\t\t\t\n    <!-- banner -->\n    <section class=\"knsl-banner-simple knsl-transition-bottom knsl-banner-white\">\n      \n      <div class=\"container\">\n        <div class=\"row\">\n          <div class=\"col-lg-12\">\n\n            <div class=\"knsl-center knsl-title-frame\">\n                            <h1 class=\"knsl-title--h knsl-mb-20 knsl-h1-inner\">\n                <span >\n                    Mariage &amp; R\u00e9ception                <\/span>\n              <\/h1>\n                            \n              \n            <\/div>\n\n          <\/div>\n        <\/div>\n      <\/div>\n    <\/section>\n    <!-- banner end -->\n\n\t\t\t\t<\/div>\n\t\t\t\t<\/div>\n\t\t\t\t\t<\/div>\n\t\t<\/div>\n\t\t\t\t\t\t\t<\/div>\n\t\t<\/section>\n\t\t\t\t<section class=\"elementor-section elementor-top-section elementor-element elementor-element-d65d39a elementor-section-full_width elementor-section-height-default elementor-section-height-default\" data-id=\"d65d39a\" data-element_type=\"section\">\n\t\t\t\t\t\t<div class=\"elementor-container elementor-column-gap-no\">\n\t\t\t\t\t<div class=\"elementor-column elementor-col-100 elementor-top-column elementor-element elementor-element-637d3e2\" data-id=\"637d3e2\" data-element_type=\"column\">\n\t\t\t<div class=\"elementor-widget-wrap elementor-element-populated\">\n\t\t\t\t\t\t\t\t<div class=\"elementor-element elementor-element-18283db elementor-widget elementor-widget-kinsley-about\" data-id=\"18283db\" data-element_type=\"widget\" data-widget_type=\"kinsley-about.default\">\n\t\t\t\t<div class=\"elementor-widget-container\">\n\t\t\t\n\t\t<!-- about -->\n    <section class=\"knsl-p-0-100\">\n\n      <div class=\"container\">\n        <div class=\"knsl-about-card\">\n                      \t\t\t\t\t\t<div class=\"row no-gutters\">\t            <div class=\"col-lg-6\">\n\t              \t              <div class=\"knsl-about-photo\">\n\t                <img decoding=\"async\" src=\"https:\/\/unicom-tn.com\/BizertaResort\/wp-content\/uploads\/2023\/03\/Salle-Utique-pour-vos-moments-uniques.webp\" alt=\"\" \/>\n\t              <\/div>\n\t              \t            <\/div>\n\t            <div class=\"col-lg-6 align-self-center\">\n\t              <div class=\"knsl-about-text\">\n\t                <div class=\"knsl-title-frame\">\n\t                  \t                  <h2 class=\"knsl-mb-20\">\n\t                  \t<span >\n\t\t\t\t\t\t        \t\tSalle Utique pour vos moments uniques\t\t\t\t\t\t        \t<\/span>\n\t                  <\/h2>\n\t                  \t                  \t\t\t              <div class=\"knsl-text knsl-mb-30\">\n\t\t\t\t                <div >\n\t\t\t\t\t\t\t\t        \t<p style=\"text-align: justify\">Nous sommes \u00e0 votre service de 20h00 \u00e0 01h00 pour vos f\u00eates, mariages, anniversaires, soir\u00e9es d'entreprise, ou tout autre \u00e9v\u00e9nement festif que vous souhaitez organiser. Notre salle peut accueillir jusqu'\u00e0 500 personnes, et nous sommes \u00e9quip\u00e9s pour fournir tout ce dont vous avez besoin pour faire de votre \u00e9v\u00e9nement un succ\u00e8s inoubliable.<\/p><p>Nous nous engageons \u00e0 fournir des services de haute qualit\u00e9 pour garantir votre satisfaction. Nous avons un responsable exp\u00e9riment\u00e9, quatre serveurs professionnels et un agent de s\u00e9curit\u00e9 pour vous aider pendant votre \u00e9v\u00e9nement. De plus, nous avons une salle d\u00e9di\u00e9e pour le stockage des boissons et des g\u00e2teaux, ainsi qu'un tapis rouge pour les mari\u00e9s pour un accueil chaleureux et \u00e9l\u00e9gant.<\/p>\t\t\t\t\t\t\t\t        <\/div>\n\t\t\t\t\t\t\t      <\/div>\n\t\t\t          \t\t\t\t\t          \t\t\t                <\/div>\n\t              <\/div>\n\t            <\/div>\n\t            <\/div>\t            \t          \t        <\/div>\n\t      <\/div>\n\n\t    <\/section>\n\t    <!-- about end -->\n\n\t\t\t\t\t<\/div>\n\t\t\t\t<\/div>\n\t\t\t\t\t<\/div>\n\t\t<\/div>\n\t\t\t\t\t\t\t<\/div>\n\t\t<\/section>\n\t\t\t\t<section class=\"elementor-section elementor-top-section elementor-element elementor-element-b4d51a1 elementor-section-full_width elementor-section-height-default elementor-section-height-default\" data-id=\"b4d51a1\" data-element_type=\"section\">\n\t\t\t\t\t\t<div class=\"elementor-container elementor-column-gap-no\">\n\t\t\t\t\t<div class=\"elementor-column elementor-col-100 elementor-top-column elementor-element elementor-element-2bc9a9b\" data-id=\"2bc9a9b\" data-element_type=\"column\">\n\t\t\t<div class=\"elementor-widget-wrap elementor-element-populated\">\n\t\t\t\t\t\t\t\t<div class=\"elementor-element elementor-element-733f1fd centertitle elementor-widget elementor-widget-kinsley-about-gallery\" data-id=\"733f1fd\" data-element_type=\"widget\" data-widget_type=\"kinsley-about-gallery.default\">\n\t\t\t\t<div class=\"elementor-widget-container\">\n\t\t\t\n\t\t<!-- gallery -->\n\t  <section class=\"knsl-transition-bottom knsl-p-0-100\">\n    \t\n      <div class=\"container\">\n        <div class=\"row align-items-center\">\n                    <div class=\"col-lg-12\">\n\n            <div class=\"knsl-center knsl-title-frame knsl-scroll-animation knsl-mb-100\">\n                            <h2 class=\"knsl-title--h knsl-mb-20\">\n              \t<span >\n\t\t\t\t          \tPour vos mariages et r\u00e9ceptions\t\t\t\t        <\/span>\n              <\/h2>\n                                          <div class=\"knsl-text knsl-mb-30\">\n              \t<p>\n              \t\t<span >\n\t\t\t\t          \t\tProfitez d'un cadre unique pour vos c\u00e9l\u00e9brations priv\u00e9es et professionnelles. Nous vous offrons un service exceptionnel, afin de faire de votre \u00e9v\u00e9nement un moment inoubliable.\t\t\t\t        \t<\/span>\n\t\t\t\t        <\/p>\n              <\/div>\n                                        <\/div>\n\n          <\/div>\n          \n                    <div class=\"col-lg-12\">\n\n            <!-- slider -->\n            <div class=\"swiper-container knsl-about-slider knsl-scroll-animation\">\n              <div class=\"swiper-wrapper\">\n                                <div class=\"swiper-slide\">\n\n                  <!-- gallery item -->\n                  <div class=\"knsl-image-frame\">\n                  \t                    <a data-elementor-lightbox-slideshow=\"about-gallery\" data-elementor-lightbox-title=\"\" href=\"https:\/\/unicom-tn.com\/BizertaResort\/wp-content\/uploads\/2023\/03\/Salle-Utique-pour-vos-moments-uniques-1.webp\">\n                      <img decoding=\"async\" src=\"https:\/\/unicom-tn.com\/BizertaResort\/wp-content\/uploads\/2023\/03\/Salle-Utique-pour-vos-moments-uniques-1.webp\" alt=\"\" \/>\n                                            <span class=\"knsl-zoom\"><i class=\"fas fa-search-plus\"><\/i><\/span>\n                    <\/a>\n                                      <\/div>\n                  <!-- gallery item end -->\n\n                <\/div>\n                                <div class=\"swiper-slide\">\n\n                  <!-- gallery item -->\n                  <div class=\"knsl-image-frame\">\n                  \t                    <a data-elementor-lightbox-slideshow=\"about-gallery\" data-elementor-lightbox-title=\"\" href=\"https:\/\/unicom-tn.com\/BizertaResort\/wp-content\/uploads\/2023\/03\/Salle-Utique-pour-vos-moments-uniques-2-1.webp\">\n                      <img decoding=\"async\" src=\"https:\/\/unicom-tn.com\/BizertaResort\/wp-content\/uploads\/2023\/03\/Salle-Utique-pour-vos-moments-uniques-2-1.webp\" alt=\"\" \/>\n                                            <span class=\"knsl-zoom\"><i class=\"fas fa-search-plus\"><\/i><\/span>\n                    <\/a>\n                                      <\/div>\n                  <!-- gallery item end -->\n\n                <\/div>\n                                <div class=\"swiper-slide\">\n\n                  <!-- gallery item -->\n                  <div class=\"knsl-image-frame\">\n                  \t                    <a data-elementor-lightbox-slideshow=\"about-gallery\" data-elementor-lightbox-title=\"\" href=\"https:\/\/unicom-tn.com\/BizertaResort\/wp-content\/uploads\/2023\/03\/Salle-Utique-pour-vos-moments-uniques-3.webp\">\n                      <img decoding=\"async\" src=\"https:\/\/unicom-tn.com\/BizertaResort\/wp-content\/uploads\/2023\/03\/Salle-Utique-pour-vos-moments-uniques-3.webp\" alt=\"\" \/>\n                                            <span class=\"knsl-zoom\"><i class=\"fas fa-search-plus\"><\/i><\/span>\n                    <\/a>\n                                      <\/div>\n                  <!-- gallery item end -->\n\n                <\/div>\n                                <div class=\"swiper-slide\">\n\n                  <!-- gallery item -->\n                  <div class=\"knsl-image-frame\">\n                  \t                    <a data-elementor-lightbox-slideshow=\"about-gallery\" data-elementor-lightbox-title=\"\" href=\"https:\/\/unicom-tn.com\/BizertaResort\/wp-content\/uploads\/2023\/03\/Salle-Utique-pour-vos-moments-uniques-4.webp\">\n                      <img decoding=\"async\" src=\"https:\/\/unicom-tn.com\/BizertaResort\/wp-content\/uploads\/2023\/03\/Salle-Utique-pour-vos-moments-uniques-4.webp\" alt=\"\" \/>\n                                            <span class=\"knsl-zoom\"><i class=\"fas fa-search-plus\"><\/i><\/span>\n                    <\/a>\n                                      <\/div>\n                  <!-- gallery item end -->\n\n                <\/div>\n                              <\/div>\n\n              <!-- slider navigation -->\n              <div class=\"knsl-slider-nav-panel\">\n                <!-- pagination -->\n                <div class=\"knsl-about-slider-1-pagination\"><\/div>\n                <!-- navigation -->\n                <div class=\"knsl-about-slider-nav\">\n                  <div class=\"knsl-about-slider-1-prev\"><i class=\"fas fa-arrow-left\"><\/i><\/div>\n                  <div class=\"knsl-about-slider-1-next\"><i class=\"fas fa-arrow-right\"><\/i><\/div>\n                <\/div>\n                <!-- navigation end -->\n              <\/div>\n              <!-- slider navigation end -->\n\n            <\/div>\n            <!-- slider end -->\n\n          <\/div>\n          \n        <\/div>\n      <\/div>\n\n    <\/section>\n    <!-- gallery end -->\n\n\t\t\t\t<\/div>\n\t\t\t\t<\/div>\n\t\t\t\t\t<\/div>\n\t\t<\/div>\n\t\t\t\t\t\t\t<\/div>\n\t\t<\/section>\n\t\t\t\t<section class=\"elementor-section elementor-top-section elementor-element elementor-element-b8051ce elementor-section-full_width elementor-section-height-default elementor-section-height-default\" data-id=\"b8051ce\" data-element_type=\"section\" data-settings=\"{&quot;background_background&quot;:&quot;classic&quot;}\">\n\t\t\t\t\t\t<div class=\"elementor-container elementor-column-gap-no\">\n\t\t\t\t\t<div class=\"elementor-column elementor-col-100 elementor-top-column elementor-element elementor-element-63d7a87\" data-id=\"63d7a87\" data-element_type=\"column\">\n\t\t\t<div class=\"elementor-widget-wrap elementor-element-populated\">\n\t\t\t\t\t\t\t\t<div class=\"elementor-element elementor-element-c15afe3 elementor-widget elementor-widget-kinsley-about-video\" data-id=\"c15afe3\" data-element_type=\"widget\" data-widget_type=\"kinsley-about-video.default\">\n\t\t\t\t<div class=\"elementor-widget-container\">\n\t\t\t\n\t\t<!-- video -->\n    <section class=\"knsl-p-0-100\">\n\n      <div class=\"container\">\n\n        <div class=\"knsl-about-card\">\n          <div class=\"row g-0\">\n            <div class=\"col-lg-6\">\n              <div class=\"knsl-about-text\">\n                <div class=\"knsl-title-frame\">\n\t\t\t\t\t\t\t\t\t                  <h2 class=\"knsl-title--h knsl-mb-20\">\n\t\t\t\t\t\t\t\t\t\t<span >\n\t\t\t\t\t\t\t\t\t\t\tPour vos r\u00e9ceptions de mariage\t\t\t\t\t\t\t\t\t\t<\/span>\n\t\t\t\t\t\t\t\t\t<\/h2>\n\t\t\t\t\t\t\t\t\t\t\t\t\t\t\t\t\t\t\t\t\t\t\t\t\t\t\t<div class=\"knsl-text knsl-mb-30\">\n\t\t\t\t\t\t\t\t\t\t<div >\n                      <p>Vous pouvez profiter du Jardin Tropical Cara\u00efbes et du Club Hypo de 18h00 \u00e0 20h00, qui sont r\u00e9serv\u00e9s pour votre \u00e9v\u00e9nement. Ces espaces peuvent accueillir jusqu'\u00e0 200 personnes debout. Nous mettons \u00e9galement \u00e0 votre disposition une salle pour le stockage des boissons et des g\u00e2teaux, ainsi qu'un responsable, deux serveurs et un agent de s\u00e9curit\u00e9.<\/p><p>Pour rendre votre \u00e9v\u00e9nement encore plus sp\u00e9cial, nous avons pr\u00e9vu un tapis rouge \u00e0 l'entr\u00e9e de l'h\u00f4tel pour accueillir les mari\u00e9s, ainsi qu'une animation calme avec un organiste. Veuillez noter que nous n'acceptons pas les types de musique et les DJ bruyants.<\/p>                    <\/div>\n\t\t\t\t\t\t\t\t\t<\/div>\n\t\t\t\t\t\t\t\t\t\t\t\t\t\t\t\t\t\t                <\/div>\n              <\/div>\n            <\/div>\n            <div class=\"col-lg-6\">\n              <div class=\"knsl-video-frame\">\n\t\t\t\t\t\t\t\t\t\t\t\t\t\t\t\t<img decoding=\"async\" src=\"https:\/\/unicom-tn.com\/BizertaResort\/wp-content\/uploads\/2023\/03\/Salle-Utique-pour-vos-moments-uniques-a.webp\" alt=\"Pour vos r\u00e9ceptions de mariage\" \/>\n\t\t\t\t\t\t\t\t\t\t\t\t\t\t\t\t              <\/div>\n            <\/div>\n          <\/div>\n        <\/div>\n      <\/div>\n\n    <\/section>\n    <!-- video end -->\n\n\t\t\t\t<\/div>\n\t\t\t\t<\/div>\n\t\t\t\t\t<\/div>\n\t\t<\/div>\n\t\t\t\t\t\t\t<\/div>\n\t\t<\/section>\n\t\t\t\t\t\t\t<\/div>\n\t\t","protected":false},"excerpt":{"rendered":"<p>Mariage &amp; R\u00e9ception Salle Utique pour vos moments uniques Nous sommes \u00e0 votre service de 20h00 \u00e0 01h00 pour vos&#8230; <span class=\"knsl-el-more\"><a href=\"https:\/\/unicom-tn.com\/BizertaResort\/mariages\/\" class=\"knsl-btn\">Lire la suite<\/a><\/span><\/p>\n","protected":false},"author":1,"featured_media":0,"parent":0,"menu_order":0,"comment_status":"closed","ping_status":"closed","template":"template-layout-builder.php","meta":{"inline_featured_image":false,"_mi_skip_tracking":false,"_monsterinsights_sitenote_active":false,"_monsterinsights_sitenote_note":"","_monsterinsights_sitenote_category":0,"footnotes":"","_links_to":"","_links_to_target":""},"class_list":["post-4527","page","type-page","status-publish","hentry"],"acf":[],"aioseo_notices":[],"_links":{"self":[{"href":"https:\/\/unicom-tn.com\/BizertaResort\/wp-json\/wp\/v2\/pages\/4527","targetHints":{"allow":["GET"]}}],"collection":[{"href":"https:\/\/unicom-tn.com\/BizertaResort\/wp-json\/wp\/v2\/pages"}],"about":[{"href":"https:\/\/unicom-tn.com\/BizertaResort\/wp-json\/wp\/v2\/types\/page"}],"author":[{"embeddable":true,"href":"https:\/\/unicom-tn.com\/BizertaResort\/wp-json\/wp\/v2\/users\/1"}],"replies":[{"embeddable":true,"href":"https:\/\/unicom-tn.com\/BizertaResort\/wp-json\/wp\/v2\/comments?post=4527"}],"version-history":[{"count":33,"href":"https:\/\/unicom-tn.com\/BizertaResort\/wp-json\/wp\/v2\/pages\/4527\/revisions"}],"predecessor-version":[{"id":5326,"href":"https:\/\/unicom-tn.com\/BizertaResort\/wp-json\/wp\/v2\/pages\/4527\/revisions\/5326"}],"wp:attachment":[{"href":"https:\/\/unicom-tn.com\/BizertaResort\/wp-json\/wp\/v2\/media?parent=4527"}],"curies":[{"name":"wp","href":"https:\/\/api.w.org\/{rel}","templated":true}]}}