{"id":510,"date":"2021-12-11T13:10:51","date_gmt":"2021-12-11T13:10:51","guid":{"rendered":"https:\/\/bslthemes.site\/kinsley\/?page_id=510"},"modified":"2023-07-14T17:43:00","modified_gmt":"2023-07-14T16:43:00","slug":"restaurant","status":"publish","type":"page","link":"https:\/\/unicom-tn.com\/BizertaResort\/restaurant\/","title":{"rendered":"Restaurant"},"content":{"rendered":"\t\t<div data-elementor-type=\"wp-page\" data-elementor-id=\"510\" class=\"elementor elementor-510\">\n\t\t\t\t\t\t\t\t\t<section class=\"elementor-section elementor-top-section elementor-element elementor-element-be96af5 elementor-section-full_width elementor-section-height-default elementor-section-height-default\" data-id=\"be96af5\" data-element_type=\"section\" data-settings=\"{&quot;background_background&quot;:&quot;classic&quot;}\">\n\t\t\t\t\t\t\t<div class=\"elementor-background-overlay\"><\/div>\n\t\t\t\t\t\t\t<div class=\"elementor-container elementor-column-gap-no\">\n\t\t\t\t\t<div class=\"elementor-column elementor-col-100 elementor-top-column elementor-element elementor-element-1083e7c\" data-id=\"1083e7c\" data-element_type=\"column\">\n\t\t\t<div class=\"elementor-widget-wrap elementor-element-populated\">\n\t\t\t\t\t\t\t\t<div class=\"elementor-element elementor-element-dae86ee elementor-widget elementor-widget-kinsley-intro\" data-id=\"dae86ee\" data-element_type=\"widget\" data-widget_type=\"kinsley-intro.default\">\n\t\t\t\t<div class=\"elementor-widget-container\">\n\t\t\t\n    <!-- banner -->\n    <section class=\"knsl-banner-simple knsl-transition-bottom knsl-banner-white\">\n      \n      <div class=\"container\">\n        <div class=\"row\">\n          <div class=\"col-lg-12\">\n\n            <div class=\"knsl-center knsl-title-frame\">\n                            <h1 class=\"knsl-title--h knsl-mb-20 knsl-h1-inner\">\n                <span >\n                    Restaurant Kahena                <\/span>\n              <\/h1>\n                            \n              \n            <\/div>\n\n          <\/div>\n        <\/div>\n      <\/div>\n    <\/section>\n    <!-- banner end -->\n\n\t\t\t\t<\/div>\n\t\t\t\t<\/div>\n\t\t\t\t\t<\/div>\n\t\t<\/div>\n\t\t\t\t\t\t\t<\/div>\n\t\t<\/section>\n\t\t\t\t<section class=\"elementor-section elementor-top-section elementor-element elementor-element-d65d39a elementor-section-full_width elementor-section-height-default elementor-section-height-default\" data-id=\"d65d39a\" data-element_type=\"section\">\n\t\t\t\t\t\t<div class=\"elementor-container elementor-column-gap-no\">\n\t\t\t\t\t<div class=\"elementor-column elementor-col-100 elementor-top-column elementor-element elementor-element-637d3e2\" data-id=\"637d3e2\" data-element_type=\"column\">\n\t\t\t<div class=\"elementor-widget-wrap elementor-element-populated\">\n\t\t\t\t\t\t\t\t<div class=\"elementor-element elementor-element-18283db elementor-widget elementor-widget-kinsley-about\" data-id=\"18283db\" data-element_type=\"widget\" data-widget_type=\"kinsley-about.default\">\n\t\t\t\t<div class=\"elementor-widget-container\">\n\t\t\t\n\t\t<!-- about -->\n    <section class=\"knsl-p-0-100\">\n\n      <div class=\"container\">\n        <div class=\"knsl-about-card\">\n                      \t\t\t\t\t\t<div class=\"row no-gutters\">\t            <div class=\"col-lg-6\">\n\t              \t              <div class=\"knsl-about-photo\">\n\t                <img decoding=\"async\" src=\"https:\/\/unicom-tn.com\/BizertaResort\/wp-content\/uploads\/2023\/03\/LA-PERFECTION-INCARNEE-DANS-CHAQUE-BOUCHEE.webp\" alt=\"\" \/>\n\t              <\/div>\n\t              \t            <\/div>\n\t            <div class=\"col-lg-6 align-self-center\">\n\t              <div class=\"knsl-about-text\">\n\t                <div class=\"knsl-title-frame\">\n\t                  \t                  <h2 class=\"knsl-mb-20\">\n\t                  \t<span >\n\t\t\t\t\t\t        \t\tUne Exp\u00e9rience culinaire de premier Choix\n\t\t\t\t\t\t        \t<\/span>\n\t                  <\/h2>\n\t                  \t                  \t\t\t              <div class=\"knsl-text knsl-mb-30\">\n\t\t\t\t                <div >\n\t\t\t\t\t\t\t\t        \t<p>D\u00e9couvrez une exp\u00e9rience culinaire inoubliable dans notre restaurant gastronomique, situ\u00e9 au c\u0153ur de l'h\u00f4tel Bizerta Resort. Nous offrons une cuisine raffin\u00e9e et innovante, \u00e9labor\u00e9e par notre chef talentueux \u00e0 partir de produits frais et locaux de la plus haute qualit\u00e9.<\/p>\t\t\t\t\t\t\t\t        <\/div>\n\t\t\t\t\t\t\t      <\/div>\n\t\t\t          \t\t\t\t\t          \t\t\t                  <a target=\"_blank\" href=\"https:\/\/unicom-tn.com\/BizertaResort\/contact\/\" class=\"knsl-btn knsl-btn-md\">\n\t                  \t<span >\n\t\t\t\t\t\t        \t\tReservation\t\t\t\t\t\t        \t<\/span>\n\t                  <\/a>\n\t                  \t                <\/div>\n\t              <\/div>\n\t            <\/div>\n\t            <\/div>\t            \t          \t        <\/div>\n\t      <\/div>\n\n\t    <\/section>\n\t    <!-- about end -->\n\n\t\t\t\t\t<\/div>\n\t\t\t\t<\/div>\n\t\t\t\t\t<\/div>\n\t\t<\/div>\n\t\t\t\t\t\t\t<\/div>\n\t\t<\/section>\n\t\t\t\t<section class=\"elementor-section elementor-top-section elementor-element elementor-element-6b73e10 elementor-section-full_width elementor-section-height-default elementor-section-height-default\" data-id=\"6b73e10\" data-element_type=\"section\">\n\t\t\t\t\t\t<div class=\"elementor-container elementor-column-gap-no\">\n\t\t\t\t\t<div class=\"elementor-column elementor-col-100 elementor-top-column elementor-element elementor-element-ec3fd0d\" data-id=\"ec3fd0d\" data-element_type=\"column\">\n\t\t\t<div class=\"elementor-widget-wrap elementor-element-populated\">\n\t\t\t\t\t\t\t\t<div class=\"elementor-element elementor-element-79e7ebf centertitle elementor-widget elementor-widget-kinsley-about-gallery\" data-id=\"79e7ebf\" data-element_type=\"widget\" data-widget_type=\"kinsley-about-gallery.default\">\n\t\t\t\t<div class=\"elementor-widget-container\">\n\t\t\t\n\t\t<!-- gallery -->\n\t  <section class=\"knsl-transition-bottom knsl-p-0-100\">\n    \t\n      <div class=\"container\">\n        <div class=\"row align-items-center\">\n                    <div class=\"col-lg-12\">\n\n            <div class=\"knsl-center knsl-title-frame knsl-scroll-animation knsl-mb-100\">\n                            <h2 class=\"knsl-title--h knsl-mb-20\">\n              \t<span >\n\t\t\t\t          \tCuisine raffin\u00e9e et innovante\t\t\t\t        <\/span>\n              <\/h2>\n                                          <div class=\"knsl-text knsl-mb-30\">\n              \t<p>\n              \t\t<span >\n\t\t\t\t          \t\tD\u00e9couvrez notre restaurant gastronomique pour une exp\u00e9rience culinaire inoubliable\t\t\t\t        \t<\/span>\n\t\t\t\t        <\/p>\n              <\/div>\n                                        <\/div>\n\n          <\/div>\n          \n                    <div class=\"col-lg-12\">\n\n            <!-- slider -->\n            <div class=\"swiper-container knsl-about-slider knsl-scroll-animation\">\n              <div class=\"swiper-wrapper\">\n                                <div class=\"swiper-slide\">\n\n                  <!-- gallery item -->\n                  <div class=\"knsl-image-frame\">\n                  \t                    <a data-elementor-lightbox-slideshow=\"about-gallery\" data-elementor-lightbox-title=\"\" href=\"https:\/\/unicom-tn.com\/BizertaResort\/wp-content\/uploads\/2023\/03\/Cuisine-raffinee-et-innovante-1.webp\">\n                      <img decoding=\"async\" src=\"https:\/\/unicom-tn.com\/BizertaResort\/wp-content\/uploads\/2023\/03\/Cuisine-raffinee-et-innovante-1.webp\" alt=\"\" \/>\n                                            <span class=\"knsl-zoom\"><i class=\"fas fa-search-plus\"><\/i><\/span>\n                    <\/a>\n                                      <\/div>\n                  <!-- gallery item end -->\n\n                <\/div>\n                                <div class=\"swiper-slide\">\n\n                  <!-- gallery item -->\n                  <div class=\"knsl-image-frame\">\n                  \t                    <a data-elementor-lightbox-slideshow=\"about-gallery\" data-elementor-lightbox-title=\"\" href=\"https:\/\/unicom-tn.com\/BizertaResort\/wp-content\/uploads\/2023\/03\/Cuisine-raffinee-et-innovante-2.webp\">\n                      <img decoding=\"async\" src=\"https:\/\/unicom-tn.com\/BizertaResort\/wp-content\/uploads\/2023\/03\/Cuisine-raffinee-et-innovante-2.webp\" alt=\"\" \/>\n                                            <span class=\"knsl-zoom\"><i class=\"fas fa-search-plus\"><\/i><\/span>\n                    <\/a>\n                                      <\/div>\n                  <!-- gallery item end -->\n\n                <\/div>\n                                <div class=\"swiper-slide\">\n\n                  <!-- gallery item -->\n                  <div class=\"knsl-image-frame\">\n                  \t                    <a data-elementor-lightbox-slideshow=\"about-gallery\" data-elementor-lightbox-title=\"West terrace\" href=\"https:\/\/unicom-tn.com\/BizertaResort\/wp-content\/uploads\/2023\/03\/Cuisine-raffinee-et-innovante-3.webp\">\n                      <img decoding=\"async\" src=\"https:\/\/unicom-tn.com\/BizertaResort\/wp-content\/uploads\/2023\/03\/Cuisine-raffinee-et-innovante-3.webp\" alt=\"West terrace\" \/>\n                                            <div class=\"knsl-badge\">\n                      \t<span >\n\t\t\t\t\t\t\t        \t\tWest terrace\t\t\t\t\t\t\t        \t<\/span>\n                      <\/div>\n                                            <span class=\"knsl-zoom\"><i class=\"fas fa-search-plus\"><\/i><\/span>\n                    <\/a>\n                                      <\/div>\n                  <!-- gallery item end -->\n\n                <\/div>\n                                <div class=\"swiper-slide\">\n\n                  <!-- gallery item -->\n                  <div class=\"knsl-image-frame\">\n                  \t                    <a data-elementor-lightbox-slideshow=\"about-gallery\" data-elementor-lightbox-title=\"\" href=\"https:\/\/unicom-tn.com\/BizertaResort\/wp-content\/uploads\/2023\/03\/Cuisine-raffinee-et-innovante-4.webp\">\n                      <img decoding=\"async\" src=\"https:\/\/unicom-tn.com\/BizertaResort\/wp-content\/uploads\/2023\/03\/Cuisine-raffinee-et-innovante-4.webp\" alt=\"\" \/>\n                                            <span class=\"knsl-zoom\"><i class=\"fas fa-search-plus\"><\/i><\/span>\n                    <\/a>\n                                      <\/div>\n                  <!-- gallery item end -->\n\n                <\/div>\n                                <div class=\"swiper-slide\">\n\n                  <!-- gallery item -->\n                  <div class=\"knsl-image-frame\">\n                  \t                    <a data-elementor-lightbox-slideshow=\"about-gallery\" data-elementor-lightbox-title=\"\" href=\"https:\/\/unicom-tn.com\/BizertaResort\/wp-content\/uploads\/2023\/03\/Cuisine-raffinee-et-innovante-5.webp\">\n                      <img decoding=\"async\" src=\"https:\/\/unicom-tn.com\/BizertaResort\/wp-content\/uploads\/2023\/03\/Cuisine-raffinee-et-innovante-5.webp\" alt=\"\" \/>\n                                            <span class=\"knsl-zoom\"><i class=\"fas fa-search-plus\"><\/i><\/span>\n                    <\/a>\n                                      <\/div>\n                  <!-- gallery item end -->\n\n                <\/div>\n                                <div class=\"swiper-slide\">\n\n                  <!-- gallery item -->\n                  <div class=\"knsl-image-frame\">\n                  \t                    <a data-elementor-lightbox-slideshow=\"about-gallery\" data-elementor-lightbox-title=\"\" href=\"https:\/\/unicom-tn.com\/BizertaResort\/wp-content\/uploads\/2023\/03\/Cuisine-raffinee-et-innovante-6.webp\">\n                      <img decoding=\"async\" src=\"https:\/\/unicom-tn.com\/BizertaResort\/wp-content\/uploads\/2023\/03\/Cuisine-raffinee-et-innovante-6.webp\" alt=\"\" \/>\n                                            <span class=\"knsl-zoom\"><i class=\"fas fa-search-plus\"><\/i><\/span>\n                    <\/a>\n                                      <\/div>\n                  <!-- gallery item end -->\n\n                <\/div>\n                              <\/div>\n\n              <!-- slider navigation -->\n              <div class=\"knsl-slider-nav-panel\">\n                <!-- pagination -->\n                <div class=\"knsl-about-slider-1-pagination\"><\/div>\n                <!-- navigation -->\n                <div class=\"knsl-about-slider-nav\">\n                  <div class=\"knsl-about-slider-1-prev\"><i class=\"fas fa-arrow-left\"><\/i><\/div>\n                  <div class=\"knsl-about-slider-1-next\"><i class=\"fas fa-arrow-right\"><\/i><\/div>\n                <\/div>\n                <!-- navigation end -->\n              <\/div>\n              <!-- slider navigation end -->\n\n            <\/div>\n            <!-- slider end -->\n\n          <\/div>\n          \n        <\/div>\n      <\/div>\n\n    <\/section>\n    <!-- gallery end -->\n\n\t\t\t\t<\/div>\n\t\t\t\t<\/div>\n\t\t\t\t\t<\/div>\n\t\t<\/div>\n\t\t\t\t\t\t\t<\/div>\n\t\t<\/section>\n\t\t\t\t<section class=\"elementor-section elementor-top-section elementor-element elementor-element-b8051ce elementor-section-full_width elementor-section-height-default elementor-section-height-default\" data-id=\"b8051ce\" data-element_type=\"section\" data-settings=\"{&quot;background_background&quot;:&quot;classic&quot;}\">\n\t\t\t\t\t\t<div class=\"elementor-container elementor-column-gap-no\">\n\t\t\t\t\t<div class=\"elementor-column elementor-col-100 elementor-top-column elementor-element elementor-element-63d7a87\" data-id=\"63d7a87\" data-element_type=\"column\">\n\t\t\t<div class=\"elementor-widget-wrap elementor-element-populated\">\n\t\t\t\t\t\t\t\t<div class=\"elementor-element elementor-element-c15afe3 elementor-widget elementor-widget-kinsley-about-video\" data-id=\"c15afe3\" data-element_type=\"widget\" data-widget_type=\"kinsley-about-video.default\">\n\t\t\t\t<div class=\"elementor-widget-container\">\n\t\t\t\n\t\t<!-- video -->\n    <section class=\"knsl-p-0-100\">\n\n      <div class=\"container\">\n\n        <div class=\"knsl-about-card\">\n          <div class=\"row g-0\">\n            <div class=\"col-lg-6\">\n              <div class=\"knsl-about-text\">\n                <div class=\"knsl-title-frame\">\n\t\t\t\t\t\t\t\t\t                  <h2 class=\"knsl-title--h knsl-mb-20\">\n\t\t\t\t\t\t\t\t\t\t<span >\n\t\t\t\t\t\t\t\t\t\t\tLa perfection incarn\u00e9e dans chaque bouch\u00e9e\t\t\t\t\t\t\t\t\t\t<\/span>\n\t\t\t\t\t\t\t\t\t<\/h2>\n\t\t\t\t\t\t\t\t\t\t\t\t\t\t\t\t\t\t\t\t\t\t\t\t\t\t\t<div class=\"knsl-text knsl-mb-30\">\n\t\t\t\t\t\t\t\t\t\t<div >\n                      Nous sommes fiers de proposer une cuisine authentique, \u00e9labor\u00e9e avec soin et expertise. Que vous recherchiez un plat copieux et r\u00e9confortant ou une option plus l\u00e9g\u00e8re et rafra\u00eechissante, nous avons ce qu'il vous faut.                    <\/div>\n\t\t\t\t\t\t\t\t\t<\/div>\n\t\t\t\t\t\t\t\t\t\t\t\t\t\t\t\t\t\t                <\/div>\n              <\/div>\n            <\/div>\n            <div class=\"col-lg-6\">\n              <div class=\"knsl-video-frame\">\n\t\t\t\t\t\t\t\t\t\t\t\t\t\t\t\t<img decoding=\"async\" src=\"https:\/\/unicom-tn.com\/BizertaResort\/wp-content\/uploads\/2023\/03\/Une-Experience-culinaire-de-premier-Choix.webp\" alt=\"La perfection incarn\u00e9e dans chaque bouch\u00e9e\" \/>\n\t\t\t\t\t\t\t\t\t\t\t\t\t\t\t\t              <\/div>\n            <\/div>\n          <\/div>\n        <\/div>\n      <\/div>\n\n    <\/section>\n    <!-- video end -->\n\n\t\t\t\t<\/div>\n\t\t\t\t<\/div>\n\t\t\t\t\t<\/div>\n\t\t<\/div>\n\t\t\t\t\t\t\t<\/div>\n\t\t<\/section>\n\t\t\t\t\t\t\t<\/div>\n\t\t","protected":false},"excerpt":{"rendered":"<p>Restaurant Kahena Une Exp\u00e9rience culinaire de premier Choix D\u00e9couvrez une exp\u00e9rience culinaire inoubliable dans notre restaurant gastronomique, situ\u00e9 au c\u0153ur&#8230; <span class=\"knsl-el-more\"><a href=\"https:\/\/unicom-tn.com\/BizertaResort\/restaurant\/\" class=\"knsl-btn\">Lire la suite<\/a><\/span><\/p>\n","protected":false},"author":1,"featured_media":0,"parent":0,"menu_order":0,"comment_status":"closed","ping_status":"closed","template":"template-layout-builder.php","meta":{"inline_featured_image":false,"_mi_skip_tracking":false,"_monsterinsights_sitenote_active":false,"_monsterinsights_sitenote_note":"","_monsterinsights_sitenote_category":0,"footnotes":"","_links_to":"","_links_to_target":""},"class_list":["post-510","page","type-page","status-publish","hentry"],"acf":[],"aioseo_notices":[],"_links":{"self":[{"href":"https:\/\/unicom-tn.com\/BizertaResort\/wp-json\/wp\/v2\/pages\/510","targetHints":{"allow":["GET"]}}],"collection":[{"href":"https:\/\/unicom-tn.com\/BizertaResort\/wp-json\/wp\/v2\/pages"}],"about":[{"href":"https:\/\/unicom-tn.com\/BizertaResort\/wp-json\/wp\/v2\/types\/page"}],"author":[{"embeddable":true,"href":"https:\/\/unicom-tn.com\/BizertaResort\/wp-json\/wp\/v2\/users\/1"}],"replies":[{"embeddable":true,"href":"https:\/\/unicom-tn.com\/BizertaResort\/wp-json\/wp\/v2\/comments?post=510"}],"version-history":[{"count":97,"href":"https:\/\/unicom-tn.com\/BizertaResort\/wp-json\/wp\/v2\/pages\/510\/revisions"}],"predecessor-version":[{"id":5514,"href":"https:\/\/unicom-tn.com\/BizertaResort\/wp-json\/wp\/v2\/pages\/510\/revisions\/5514"}],"wp:attachment":[{"href":"https:\/\/unicom-tn.com\/BizertaResort\/wp-json\/wp\/v2\/media?parent=510"}],"curies":[{"name":"wp","href":"https:\/\/api.w.org\/{rel}","templated":true}]}}