{"id":713,"date":"2021-12-15T17:07:22","date_gmt":"2021-12-15T17:07:22","guid":{"rendered":"https:\/\/bslthemes.site\/kinsley\/?page_id=713"},"modified":"2023-07-14T17:18:35","modified_gmt":"2023-07-14T16:18:35","slug":"actualites","status":"publish","type":"page","link":"https:\/\/unicom-tn.com\/BizertaResort\/actualites\/","title":{"rendered":"Actualit\u00e9s"},"content":{"rendered":"\t\t<div data-elementor-type=\"wp-page\" data-elementor-id=\"713\" class=\"elementor elementor-713\">\n\t\t\t\t\t\t\t\t\t<section class=\"elementor-section elementor-top-section elementor-element elementor-element-d7faff8 elementor-section-full_width elementor-section-height-default elementor-section-height-default\" data-id=\"d7faff8\" data-element_type=\"section\" data-settings=\"{&quot;background_background&quot;:&quot;classic&quot;}\">\n\t\t\t\t\t\t\t<div class=\"elementor-background-overlay\"><\/div>\n\t\t\t\t\t\t\t<div class=\"elementor-container elementor-column-gap-no\">\n\t\t\t\t\t<div class=\"elementor-column elementor-col-100 elementor-top-column elementor-element elementor-element-a5a08c1\" data-id=\"a5a08c1\" data-element_type=\"column\" data-settings=\"{&quot;background_background&quot;:&quot;classic&quot;}\">\n\t\t\t<div class=\"elementor-widget-wrap elementor-element-populated\">\n\t\t\t\t\t\t\t\t<div class=\"elementor-element elementor-element-bc3d2b9 elementor-widget elementor-widget-kinsley-intro\" data-id=\"bc3d2b9\" data-element_type=\"widget\" data-widget_type=\"kinsley-intro.default\">\n\t\t\t\t<div class=\"elementor-widget-container\">\n\t\t\t\n    <!-- banner -->\n    <section class=\"knsl-banner-simple knsl-transition-bottom knsl-banner-white\">\n      \n      <div class=\"container\">\n        <div class=\"row\">\n          <div class=\"col-lg-12\">\n\n            <div class=\"knsl-center knsl-title-frame\">\n                            <h1 class=\"knsl-title--h knsl-mb-20 knsl-h1-inner\">\n                <span >\n                    Nos actualit\u00e9s                <\/span>\n              <\/h1>\n                            \n              \n            <\/div>\n\n          <\/div>\n        <\/div>\n      <\/div>\n    <\/section>\n    <!-- banner end -->\n\n\t\t\t\t<\/div>\n\t\t\t\t<\/div>\n\t\t\t\t\t<\/div>\n\t\t<\/div>\n\t\t\t\t\t\t\t<\/div>\n\t\t<\/section>\n\t\t\t\t<section class=\"elementor-section elementor-top-section elementor-element elementor-element-e5cb9da elementor-section-full_width elementor-section-height-default elementor-section-height-default\" data-id=\"e5cb9da\" data-element_type=\"section\">\n\t\t\t\t\t\t<div class=\"elementor-container elementor-column-gap-no\">\n\t\t\t\t\t<div class=\"elementor-column elementor-col-100 elementor-top-column elementor-element elementor-element-684f0d7\" data-id=\"684f0d7\" data-element_type=\"column\">\n\t\t\t<div class=\"elementor-widget-wrap elementor-element-populated\">\n\t\t\t\t\t\t\t\t<div class=\"elementor-element elementor-element-2b94d15 elementor-widget elementor-widget-kinsley-blog-grid\" data-id=\"2b94d15\" data-element_type=\"widget\" data-widget_type=\"kinsley-blog-grid.default\">\n\t\t\t\t<div class=\"elementor-widget-container\">\n\t\t\t\n\t\t<!-- blog -->\n\t  <section class=\"knsl-transition-none knsl-p-0-80\">\n\t      \n\t      <div class=\"container\">\n\t        <div class=\"row  attr-categories-false attr-details-author-false attr-readmore-false\">\n\t          \n\t          \t          \t          <div class=\"col-lg-4\">\n\n\t          \t\n\n<!-- blog card -->\n<div class=\"knsl-blog-card\">\n  <div id=\"post-3973\" class=\"post-3973 post type-post status-publish format-standard has-post-thumbnail hentry category-places\">\n    <div class=\"knsl-cover-frame\">\n    <a href=\"https:\/\/unicom-tn.com\/BizertaResort\/2022\/07\/01\/journees-artisanales-de-bizerta\/\">\n    \t    \t<img decoding=\"async\" src=\"https:\/\/unicom-tn.com\/BizertaResort\/wp-content\/uploads\/2022\/10\/festival-saveurs-de-la-mer-hotel-bizerta-resort.png\" alt=\"Festival saveurs de la mer: table ronde, Expo vente&#8230;\" \/>\n    \t    <\/a>\n\t\t<div class=\"knsl-badge\">\n\t\t\tPlaces\t\t<\/div>\n  <\/div>\n    <div class=\"knsl-description-frame\">\n    <div class=\"knsl-room-features\">\n      <div class=\"knsl-feature knsl-feature-author\">\n                <div class=\"knsl-icon-frame knsl-icon-author\"><img decoding=\"async\" src=\"https:\/\/secure.gravatar.com\/avatar\/b310e852c42d918d0ad20ebe8176d9f643068f9156fc74f081b2f0f4114a6975?s=96&#038;d=mm&#038;r=g\" alt=\"BizertaResort\" \/><\/div>\n                <span>BizertaResort<\/span>\n      <\/div>\n\n      \t  \t<div class=\"knsl-feature knsl-feature-date\">\n        <div class=\"knsl-icon-frame\"><span class=\"img-svg img-svg-time\"><\/span><\/div>\n        <span>01\/07\/2022<\/span>\n      <\/div>\n\t  \t    <\/div>\n    <a href=\"https:\/\/unicom-tn.com\/BizertaResort\/2022\/07\/01\/journees-artisanales-de-bizerta\/\" class=\"knsl-title\">\n      <h4 class=\"knsl-mb-20\">Festival saveurs de la mer: table ronde, Expo vente&#8230;<\/h4>\n    <\/a>\n    <div class=\"knsl-text-light knsl-text-sm\">\n    \t<p>L&#8217;association \u0646\u0643\u0647\u0629 \u0628\u0644\u0627\u062f\u064a\u060c en collaboration avec l&#8217;h\u00f4tel Bizerta Resort, organise LE FESTIVAL SAVEURS DE&#8230;<\/p>\n    <\/div>\n  <\/div>\n  <\/div>\n<\/div>\n<!-- blog card end -->\n\n\t          <\/div>\n\t          \t          <div class=\"col-lg-4\">\n\n\t          \t\n\n<!-- blog card -->\n<div class=\"knsl-blog-card\">\n  <div id=\"post-1181\" class=\"post-1181 post type-post status-publish format-standard has-post-thumbnail hentry category-places\">\n    <div class=\"knsl-cover-frame\">\n    <a href=\"https:\/\/unicom-tn.com\/BizertaResort\/2022\/06\/27\/congres-international-de-gynecologie-obstetrique\/\">\n    \t    \t<img decoding=\"async\" src=\"https:\/\/unicom-tn.com\/BizertaResort\/wp-content\/uploads\/2021\/12\/congres-genycologie.png\" alt=\"Congr\u00e8s international de gyn\u00e9cologie obst\u00e9trique\" \/>\n    \t    <\/a>\n\t\t<div class=\"knsl-badge\">\n\t\t\tPlaces\t\t<\/div>\n  <\/div>\n    <div class=\"knsl-description-frame\">\n    <div class=\"knsl-room-features\">\n      <div class=\"knsl-feature knsl-feature-author\">\n                <div class=\"knsl-icon-frame knsl-icon-author\"><img decoding=\"async\" src=\"https:\/\/secure.gravatar.com\/avatar\/b310e852c42d918d0ad20ebe8176d9f643068f9156fc74f081b2f0f4114a6975?s=96&#038;d=mm&#038;r=g\" alt=\"BizertaResort\" \/><\/div>\n                <span>BizertaResort<\/span>\n      <\/div>\n\n      \t  \t<div class=\"knsl-feature knsl-feature-date\">\n        <div class=\"knsl-icon-frame\"><span class=\"img-svg img-svg-time\"><\/span><\/div>\n        <span>27\/06\/2022<\/span>\n      <\/div>\n\t  \t    <\/div>\n    <a href=\"https:\/\/unicom-tn.com\/BizertaResort\/2022\/06\/27\/congres-international-de-gynecologie-obstetrique\/\" class=\"knsl-title\">\n      <h4 class=\"knsl-mb-20\">Congr\u00e8s international de gyn\u00e9cologie obst\u00e9trique<\/h4>\n    <\/a>\n    <div class=\"knsl-text-light knsl-text-sm\">\n    \t<p>Retour en image sur le 8 \u00e8me Congr\u00e8s International de Gyn\u00e9cologie Obst\u00e9trique de Bizerte tenue&#8230;<\/p>\n    <\/div>\n  <\/div>\n  <\/div>\n<\/div>\n<!-- blog card end -->\n\n\t          <\/div>\n\t          \t          <div class=\"col-lg-4\">\n\n\t          \t\n\n<!-- blog card -->\n<div class=\"knsl-blog-card\">\n  <div id=\"post-1179\" class=\"post-1179 post type-post status-publish format-standard has-post-thumbnail hentry category-non-classe\">\n    <div class=\"knsl-cover-frame\">\n    <a href=\"https:\/\/unicom-tn.com\/BizertaResort\/2022\/06\/03\/renouvellement-de-certification-iso-9001\/\">\n    \t    \t<img decoding=\"async\" src=\"https:\/\/unicom-tn.com\/BizertaResort\/wp-content\/uploads\/2021\/12\/certification-ISO-950x634.jpg\" alt=\"Renouvellement de certification ISO 9001\" \/>\n    \t    <\/a>\n\t\t<div class=\"knsl-badge\">\n\t\t\tNon class\u00e9\t\t<\/div>\n  <\/div>\n    <div class=\"knsl-description-frame\">\n    <div class=\"knsl-room-features\">\n      <div class=\"knsl-feature knsl-feature-author\">\n                <div class=\"knsl-icon-frame knsl-icon-author\"><img decoding=\"async\" src=\"https:\/\/secure.gravatar.com\/avatar\/b310e852c42d918d0ad20ebe8176d9f643068f9156fc74f081b2f0f4114a6975?s=96&#038;d=mm&#038;r=g\" alt=\"BizertaResort\" \/><\/div>\n                <span>BizertaResort<\/span>\n      <\/div>\n\n      \t  \t<div class=\"knsl-feature knsl-feature-date\">\n        <div class=\"knsl-icon-frame\"><span class=\"img-svg img-svg-time\"><\/span><\/div>\n        <span>03\/06\/2022<\/span>\n      <\/div>\n\t  \t    <\/div>\n    <a href=\"https:\/\/unicom-tn.com\/BizertaResort\/2022\/06\/03\/renouvellement-de-certification-iso-9001\/\" class=\"knsl-title\">\n      <h4 class=\"knsl-mb-20\">Renouvellement de certification ISO 9001<\/h4>\n    <\/a>\n    <div class=\"knsl-text-light knsl-text-sm\">\n    \t<p>L\u2019h\u00f4tel Bizerta Resort est fier d\u2019annoncer le \ud835\udc2b\ud835\udc1e\ud835\udc27\ud835\udc28\ud835\udc2e\ud835\udc2f\ud835\udc1e\ud835\udc25\ud835\udc25\ud835\udc1e\ud835\udc26\ud835\udc1e\ud835\udc27\ud835\udc2d \ud835\udc1d\ud835\udc1e\ud835\udc2c \ud835\udc1c\ud835\udc1e\ud835\udc2b\ud835\udc2d\ud835\udc22\ud835\udc1f\ud835\udc22\ud835\udc1c\ud835\udc1a\ud835\udc2d\ud835\udc22\ud835\udc28\ud835\udc27\ud835\udc2c&#8230;<\/p>\n    <\/div>\n  <\/div>\n  <\/div>\n<\/div>\n<!-- blog card end -->\n\n\t          <\/div>\n\t          \n\t      \t\t\t\t<!-- pagination -->\n        <div class=\"knsl-pagination\">\n                  <\/div>\n        <!-- pagination end -->\n\t\t\t  \n\t\t\t  \t      \n\t    <\/div>\n\t   <\/div>\n\t  <\/section>\n\t  <!-- blog end -->\n\n\t\t\t\t<\/div>\n\t\t\t\t<\/div>\n\t\t\t\t\t<\/div>\n\t\t<\/div>\n\t\t\t\t\t\t\t<\/div>\n\t\t<\/section>\n\t\t\t\t\t\t\t<\/div>\n\t\t","protected":false},"excerpt":{"rendered":"<p>Nos actualit\u00e9s Places BizertaResort 01\/07\/2022 Festival saveurs de la mer: table ronde, Expo vente&#8230; L&#8217;association \u0646\u0643\u0647\u0629 \u0628\u0644\u0627\u062f\u064a\u060c&#8230; <span class=\"knsl-el-more\"><a href=\"https:\/\/unicom-tn.com\/BizertaResort\/2022\/06\/03\/renouvellement-de-certification-iso-9001\/\" class=\"knsl-btn\">Lire la suite<\/a><\/span><\/p>\n","protected":false},"author":1,"featured_media":0,"parent":0,"menu_order":0,"comment_status":"closed","ping_status":"closed","template":"template-layout-builder.php","meta":{"inline_featured_image":false,"_mi_skip_tracking":false,"_monsterinsights_sitenote_active":false,"_monsterinsights_sitenote_note":"","_monsterinsights_sitenote_category":0,"footnotes":"","_links_to":"","_links_to_target":""},"class_list":["post-713","page","type-page","status-publish","hentry"],"acf":[],"aioseo_notices":[],"_links":{"self":[{"href":"https:\/\/unicom-tn.com\/BizertaResort\/wp-json\/wp\/v2\/pages\/713","targetHints":{"allow":["GET"]}}],"collection":[{"href":"https:\/\/unicom-tn.com\/BizertaResort\/wp-json\/wp\/v2\/pages"}],"about":[{"href":"https:\/\/unicom-tn.com\/BizertaResort\/wp-json\/wp\/v2\/types\/page"}],"author":[{"embeddable":true,"href":"https:\/\/unicom-tn.com\/BizertaResort\/wp-json\/wp\/v2\/users\/1"}],"replies":[{"embeddable":true,"href":"https:\/\/unicom-tn.com\/BizertaResort\/wp-json\/wp\/v2\/comments?post=713"}],"version-history":[{"count":16,"href":"https:\/\/unicom-tn.com\/BizertaResort\/wp-json\/wp\/v2\/pages\/713\/revisions"}],"predecessor-version":[{"id":5490,"href":"https:\/\/unicom-tn.com\/BizertaResort\/wp-json\/wp\/v2\/pages\/713\/revisions\/5490"}],"wp:attachment":[{"href":"https:\/\/unicom-tn.com\/BizertaResort\/wp-json\/wp\/v2\/media?parent=713"}],"curies":[{"name":"wp","href":"https:\/\/api.w.org\/{rel}","templated":true}]}}